{"id":1294,"date":"2017-02-14T18:30:30","date_gmt":"2017-02-14T18:30:30","guid":{"rendered":"http:\/\/press.kirchhosbach.de\/?page_id=1294"},"modified":"2017-09-11T20:33:34","modified_gmt":"2017-09-11T18:33:34","slug":"impressum","status":"publish","type":"page","link":"http:\/\/press.kirchhosbach.de\/?page_id=1294","title":{"rendered":"Impressum"},"content":{"rendered":"<div>Impressum<\/div>\n<div>\n<div><\/div>\n<div>Anbieter:<\/div>\n<\/div>\n<p>Bernd Helbach<br \/>\nPeter-Grie\u00df-Str. 6<br \/>\n37284 Waldkappel<br \/>\nTelefon: 05658-1663<br \/>\nE-Mail: helbach@kirchhosbach.de<\/p>\n<div>\n<p>&nbsp;<\/p>\n<p>Bei redaktionellen Inhalten:<\/p>\n<p>Verantwortlich nach \u00a7 55 Abs.2 RStV<\/p>\n<p>Bernd Helbach<br \/>\nPeter-Grie\u00df-Str. 6<br \/>\n37284 Waldkappel<\/p>\n<p>Haftungshinweis: Trotz sorgf\u00e4ltiger inhaltlicher Kontrolle \u00fcbernehmen wir keine Haftung f\u00fcr die Inhalte externer Links. F\u00fcr den Inhalt der verlinkten Seiten sind ausschlie\u00dflich deren Betreiber verantwortlich.<\/p>\n<\/div>\n","protected":false},"excerpt":{"rendered":"<p>Impressum Anbieter: Bernd Helbach Peter-Grie\u00df-Str. 6 37284 Waldkappel Telefon: 05658-1663 E-Mail: helbach@kirchhosbach.de &nbsp; Bei redaktionellen Inhalten: Verantwortlich nach \u00a7 55 Abs.2 RStV Bernd Helbach Peter-Grie\u00df-Str. 6 37284 Waldkappel Haftungshinweis: Trotz &hellip; <\/p>\n<p class=\"link-more\"><a href=\"http:\/\/press.kirchhosbach.de\/?page_id=1294\" class=\"more-link\"><span class=\"screen-reader-text\">\u201eImpressum\u201c<\/span> weiterlesen<\/a><\/p>\n","protected":false},"author":1,"featured_media":0,"parent":0,"menu_order":0,"comment_status":"closed","ping_status":"closed","template":"","meta":{"footnotes":""},"class_list":["post-1294","page","type-page","status-publish","hentry"],"_links":{"self":[{"href":"http:\/\/press.kirchhosbach.de\/index.php?rest_route=\/wp\/v2\/pages\/1294","targetHints":{"allow":["GET"]}}],"collection":[{"href":"http:\/\/press.kirchhosbach.de\/index.php?rest_route=\/wp\/v2\/pages"}],"about":[{"href":"http:\/\/press.kirchhosbach.de\/index.php?rest_route=\/wp\/v2\/types\/page"}],"author":[{"embeddable":true,"href":"http:\/\/press.kirchhosbach.de\/index.php?rest_route=\/wp\/v2\/users\/1"}],"replies":[{"embeddable":true,"href":"http:\/\/press.kirchhosbach.de\/index.php?rest_route=%2Fwp%2Fv2%2Fcomments&post=1294"}],"version-history":[{"count":6,"href":"http:\/\/press.kirchhosbach.de\/index.php?rest_route=\/wp\/v2\/pages\/1294\/revisions"}],"predecessor-version":[{"id":1459,"href":"http:\/\/press.kirchhosbach.de\/index.php?rest_route=\/wp\/v2\/pages\/1294\/revisions\/1459"}],"wp:attachment":[{"href":"http:\/\/press.kirchhosbach.de\/index.php?rest_route=%2Fwp%2Fv2%2Fmedia&parent=1294"}],"curies":[{"name":"wp","href":"https:\/\/api.w.org\/{rel}","templated":true}]}}